{"id":6585,"date":"2022-03-26T21:00:04","date_gmt":"2022-03-26T21:00:04","guid":{"rendered":"https:\/\/capcondo.mediatd.com\/product\/self-de-ligne\/"},"modified":"2022-08-31T13:04:45","modified_gmt":"2022-08-31T13:04:45","slug":"self-de-ligne","status":"publish","type":"product","link":"https:\/\/capcondo.tn\/en\/product\/self-de-ligne\/","title":{"rendered":"Line Reactors"},"content":{"rendered":"<p>Les r\u00e9acteurs lin\u00e9aires sont install\u00e9s \u00e0 l\u2019entr\u00e9e des variateurs de vitesse. Ils emp\u00eachent les entailles de tension et amortissent le contenu harmonique du courant consomm\u00e9 par le variateur. De plus, ils augmentent la dur\u00e9e de vie du conducteur \u00e9lectrique. Les selfs de ligne sont connect\u00e9s en s\u00e9rie avec le variateur.<\/p>\n<p>Ils aident \u00e0 r\u00e9duire le courant de court-circuit du syst\u00e8me, permettant ainsi des solutions de disjoncteur plus \u00e9conomiques. La tension de fonctionnement est jusqu&#8217;\u00e0 1000V. Les connexions peuvent \u00eatre des borniers, des barres ou des c\u00e2bles selon la puissance.<\/p>\n","protected":false},"excerpt":{"rendered":"<p>Caract\u00e9ristiques techniques :<\/p>\n<ul>\n<li>Haute lin\u00e9arit\u00e9<\/li>\n<li>Noyau de fer hautement perm\u00e9able<\/li>\n<li>Basses pertes et haute efficacit\u00e9<\/li>\n<li>Capacit\u00e9 de conception avec tension de court-circuit 4%<\/li>\n<li>Signe et compatibilit\u00e9 avec la norme EN 61558-2-20 et les paragraphes appropri\u00e9s<\/li>\n<li>Fabriqu\u00e9 selon le syst\u00e8me de gestion de la qualit\u00e9 ISO9001<\/li>\n<li>Vernis impr\u00e9gn\u00e9 sous vide pour assurer un fonctionnement silencieux et immunis\u00e9 contre l&#8217;humidit\u00e9<\/li>\n<\/ul>\n<p><a href=\"https:\/\/capcondo.tn\/wp-content\/uploads\/2022\/07\/capcondo-line-reactor.pdf\" target=\"_blank\" rel=\"noopener\"><img loading=\"lazy\" decoding=\"async\" src=\"https:\/\/capcondo.tn\/wp-content\/uploads\/2022\/06\/ivon2.png\" alt=\"\" width=\"30\" height=\"44\" class=\"alignnone size-full wp-image-8099\" \/>Data Sheet Line Reactors<\/a><\/p>\n","protected":false},"featured_media":8476,"comment_status":"open","ping_status":"closed","template":"","meta":[],"product_cat":[62],"product_tag":[],"class_list":["post-6585","product","type-product","status-publish","has-post-thumbnail","hentry","product_cat-active-and-passive-harmonic-filtering"],"yoast_head":"<!-- This site is optimized with the Yoast SEO plugin v19.6.1 - https:\/\/yoast.com\/wordpress\/plugins\/seo\/ -->\n<title>Line Reactors | CAPCONDO Tunisie<\/title>\n<meta name=\"robots\" content=\"index, follow, max-snippet:-1, max-image-preview:large, max-video-preview:-1\" \/>\n<link rel=\"canonical\" href=\"https:\/\/capcondo.tn\/en\/product\/self-de-ligne\/\" \/>\n<meta property=\"og:locale\" content=\"en_US\" \/>\n<meta property=\"og:type\" content=\"article\" \/>\n<meta property=\"og:title\" content=\"Line Reactors | CAPCONDO Tunisie\" \/>\n<meta property=\"og:description\" content=\"Caract\u00e9ristiques techniques :   Haute lin\u00e9arit\u00e9  Noyau de fer hautement perm\u00e9able  Basses pertes et haute efficacit\u00e9  Capacit\u00e9 de conception avec tension de court-circuit 4%  Signe et compatibilit\u00e9 avec la norme EN 61558-2-20 et les paragraphes appropri\u00e9s  Fabriqu\u00e9 selon le syst\u00e8me de gestion de la qualit\u00e9 ISO9001  Vernis impr\u00e9gn\u00e9 sous vide pour assurer un fonctionnement silencieux et immunis\u00e9 contre l&#039;humidit\u00e9  Data Sheet Line Reactors\" \/>\n<meta property=\"og:url\" content=\"https:\/\/capcondo.tn\/en\/product\/self-de-ligne\/\" \/>\n<meta property=\"og:site_name\" content=\"CAPCONDO Tunisie\" \/>\n<meta property=\"article:modified_time\" content=\"2022-08-31T13:04:45+00:00\" \/>\n<meta property=\"og:image\" content=\"https:\/\/capcondo.tn\/wp-content\/uploads\/2022\/03\/RGI-product-4.jpeg\" \/>\n\t<meta property=\"og:image:width\" content=\"395\" \/>\n\t<meta property=\"og:image:height\" content=\"417\" \/>\n\t<meta property=\"og:image:type\" content=\"image\/jpeg\" \/>\n<meta name=\"twitter:card\" content=\"summary_large_image\" \/>\n<script type=\"application\/ld+json\" class=\"yoast-schema-graph\">{\"@context\":\"https:\/\/schema.org\",\"@graph\":[{\"@type\":\"WebPage\",\"@id\":\"https:\/\/capcondo.tn\/en\/product\/self-de-ligne\/\",\"url\":\"https:\/\/capcondo.tn\/en\/product\/self-de-ligne\/\",\"name\":\"Line Reactors | CAPCONDO Tunisie\",\"isPartOf\":{\"@id\":\"https:\/\/capcondo.tn\/#website\"},\"datePublished\":\"2022-03-26T21:00:04+00:00\",\"dateModified\":\"2022-08-31T13:04:45+00:00\",\"breadcrumb\":{\"@id\":\"https:\/\/capcondo.tn\/en\/product\/self-de-ligne\/#breadcrumb\"},\"inLanguage\":\"en-US\",\"potentialAction\":[{\"@type\":\"ReadAction\",\"target\":[\"https:\/\/capcondo.tn\/en\/product\/self-de-ligne\/\"]}]},{\"@type\":\"BreadcrumbList\",\"@id\":\"https:\/\/capcondo.tn\/en\/product\/self-de-ligne\/#breadcrumb\",\"itemListElement\":[{\"@type\":\"ListItem\",\"position\":1,\"name\":\"Accueil\",\"item\":\"https:\/\/capcondo.tn\/en\/\"},{\"@type\":\"ListItem\",\"position\":2,\"name\":\"\"},{\"@type\":\"ListItem\",\"position\":3,\"name\":\"Line Reactors\"}]},{\"@type\":\"WebSite\",\"@id\":\"https:\/\/capcondo.tn\/#website\",\"url\":\"https:\/\/capcondo.tn\/\",\"name\":\"CAPCONDO Tunisie\",\"description\":\"Best way to energy quality\",\"potentialAction\":[{\"@type\":\"SearchAction\",\"target\":{\"@type\":\"EntryPoint\",\"urlTemplate\":\"https:\/\/capcondo.tn\/?s={search_term_string}\"},\"query-input\":\"required name=search_term_string\"}],\"inLanguage\":\"en-US\"}]}<\/script>\n<!-- \/ Yoast SEO plugin. -->","yoast_head_json":{"title":"Line Reactors | CAPCONDO Tunisie","robots":{"index":"index","follow":"follow","max-snippet":"max-snippet:-1","max-image-preview":"max-image-preview:large","max-video-preview":"max-video-preview:-1"},"canonical":"https:\/\/capcondo.tn\/en\/product\/self-de-ligne\/","og_locale":"en_US","og_type":"article","og_title":"Line Reactors | CAPCONDO Tunisie","og_description":"Caract\u00e9ristiques techniques :   Haute lin\u00e9arit\u00e9  Noyau de fer hautement perm\u00e9able  Basses pertes et haute efficacit\u00e9  Capacit\u00e9 de conception avec tension de court-circuit 4%  Signe et compatibilit\u00e9 avec la norme EN 61558-2-20 et les paragraphes appropri\u00e9s  Fabriqu\u00e9 selon le syst\u00e8me de gestion de la qualit\u00e9 ISO9001  Vernis impr\u00e9gn\u00e9 sous vide pour assurer un fonctionnement silencieux et immunis\u00e9 contre l'humidit\u00e9  Data Sheet Line Reactors","og_url":"https:\/\/capcondo.tn\/en\/product\/self-de-ligne\/","og_site_name":"CAPCONDO Tunisie","article_modified_time":"2022-08-31T13:04:45+00:00","og_image":[{"width":395,"height":417,"url":"https:\/\/capcondo.tn\/wp-content\/uploads\/2022\/03\/RGI-product-4.jpeg","type":"image\/jpeg"}],"twitter_card":"summary_large_image","schema":{"@context":"https:\/\/schema.org","@graph":[{"@type":"WebPage","@id":"https:\/\/capcondo.tn\/en\/product\/self-de-ligne\/","url":"https:\/\/capcondo.tn\/en\/product\/self-de-ligne\/","name":"Line Reactors | CAPCONDO Tunisie","isPartOf":{"@id":"https:\/\/capcondo.tn\/#website"},"datePublished":"2022-03-26T21:00:04+00:00","dateModified":"2022-08-31T13:04:45+00:00","breadcrumb":{"@id":"https:\/\/capcondo.tn\/en\/product\/self-de-ligne\/#breadcrumb"},"inLanguage":"en-US","potentialAction":[{"@type":"ReadAction","target":["https:\/\/capcondo.tn\/en\/product\/self-de-ligne\/"]}]},{"@type":"BreadcrumbList","@id":"https:\/\/capcondo.tn\/en\/product\/self-de-ligne\/#breadcrumb","itemListElement":[{"@type":"ListItem","position":1,"name":"Accueil","item":"https:\/\/capcondo.tn\/en\/"},{"@type":"ListItem","position":2,"name":""},{"@type":"ListItem","position":3,"name":"Line Reactors"}]},{"@type":"WebSite","@id":"https:\/\/capcondo.tn\/#website","url":"https:\/\/capcondo.tn\/","name":"CAPCONDO Tunisie","description":"Best way to energy quality","potentialAction":[{"@type":"SearchAction","target":{"@type":"EntryPoint","urlTemplate":"https:\/\/capcondo.tn\/?s={search_term_string}"},"query-input":"required name=search_term_string"}],"inLanguage":"en-US"}]}},"_links":{"self":[{"href":"https:\/\/capcondo.tn\/en\/wp-json\/wp\/v2\/product\/6585","targetHints":{"allow":["GET"]}}],"collection":[{"href":"https:\/\/capcondo.tn\/en\/wp-json\/wp\/v2\/product"}],"about":[{"href":"https:\/\/capcondo.tn\/en\/wp-json\/wp\/v2\/types\/product"}],"replies":[{"embeddable":true,"href":"https:\/\/capcondo.tn\/en\/wp-json\/wp\/v2\/comments?post=6585"}],"wp:featuredmedia":[{"embeddable":true,"href":"https:\/\/capcondo.tn\/en\/wp-json\/wp\/v2\/media\/8476"}],"wp:attachment":[{"href":"https:\/\/capcondo.tn\/en\/wp-json\/wp\/v2\/media?parent=6585"}],"wp:term":[{"taxonomy":"product_cat","embeddable":true,"href":"https:\/\/capcondo.tn\/en\/wp-json\/wp\/v2\/product_cat?post=6585"},{"taxonomy":"product_tag","embeddable":true,"href":"https:\/\/capcondo.tn\/en\/wp-json\/wp\/v2\/product_tag?post=6585"}],"curies":[{"name":"wp","href":"https:\/\/api.w.org\/{rel}","templated":true}]}}